{"id":71,"date":"2021-08-05T13:13:12","date_gmt":"2021-08-05T11:13:12","guid":{"rendered":"https:\/\/zettl.de\/?page_id=71"},"modified":"2024-02-05T14:30:31","modified_gmt":"2024-02-05T13:30:31","slug":"ueber-uns","status":"publish","type":"page","link":"https:\/\/zettl.de\/fr\/","title":{"rendered":"\u00e0 propos de nous\ufffc"},"content":{"rendered":"\n<div class=\"wp-block-columns text-block is-layout-flex wp-container-core-columns-is-layout-9d6595d7 wp-block-columns-is-layout-flex\">\n<div class=\"wp-block-column is-layout-flow wp-block-column-is-layout-flow\" style=\"flex-basis:33.33%\">\n<h1 class=\"wp-block-heading\">Bienvenue chez <span class=\"highlight-blue\">Zettl GmbH<\/span><\/h1>\n<\/div>\n\n\n\n<div class=\"wp-block-column is-layout-flow wp-block-column-is-layout-flow\" style=\"flex-basis:66.66%\">\n<p>Nous sommes une entreprise familiale de taille moyenne dont le si\u00e8ge social se trouve \u00e0 Adelsried, pr\u00e8s d\u2019Augsbourg. Active depuis plus de 60 ans, vous trouverez chez nous tout ce qui concerne la couture et les travaux d\u2019aiguille. Nous d\u00e9veloppons, fabriquons et importons des articles de mercerie, des fils et des produits pour travaux manuels.<br><br>Gr\u00e2ce aux techniques les plus modernes \u00e0 savoir des machines d\u2019\u00e9tiquetage, des stations de remplissage et des machines de thermoformage et de moulage par injection, nous fabriquons nous-m\u00eames et selon les besoins de nos clients des emballages en plastique et des emballages de pr\u00e9sentation. La r\u00e9solution de probl\u00e9matiques complexes, ainsi que la fabrication de prototypes font partie de notre c\u0153ur de m\u00e9tier.<br><br>Afin de garantir un niveau de qualit\u00e9 \u00e9lev\u00e9, nous contr\u00f4lons r\u00e9guli\u00e8rement et rigoureusement les produits de nos fournisseurs, \u00e0 la fois en interne, mais \u00e9galement avec l\u2019aide d\u2019instituts d\u2019analyses textiles ind\u00e9pendants. Afin de pouvoir r\u00e9pondre \u00e0 tout moment aux besoins du march\u00e9, nos fils \u00e0 tricoter et \u00e0 crocheter sont produits selon le standard \u00ab&nbsp;Oeko-Tex\u00ae Standard 100&nbsp;\u00bb.<br><br>Notre vaste portefeuille de produits comprend \u00e9galement des fils certifi\u00e9s GOTS et des produits recycl\u00e9s sur base de bouteilles en PET, voire de jeans en denim. La protection des animaux et la durabilit\u00e9 \u00e9tant des sujets qui nous tiennent particuli\u00e8rement \u00e0 c\u0153ur, notre entreprise dispose \u00e9videmment de la certification GOTS. Le \u00ab Global Organic Textile Standard \u00bb (GOTS) est une norme appliqu\u00e9e dans le monde entier pour la transformation de textiles en fibres naturelles issues de l\u2019agriculture biologique. Il d\u00e9finit des exigences environnementales tout au long de la cha\u00eene de production textile ainsi que des crit\u00e8res sociaux. L\u2019assurance qualit\u00e9 est assur\u00e9e par une certification ind\u00e9pendante de l\u2019ensemble de la cha\u00eene d\u2019approvisionnement textile et est contr\u00f4l\u00e9e chaque ann\u00e9e. De plus, nous garantissons que l\u2019ensemble de notre assortiment est exempt de mulesing.<br><br>Non seulement notre entreprise est membre de \u00ab l\u2019amfori Business Social Compliance Initiative\u00bb<br>(BSCI), mais aussi nos producteurs ont \u00e9t\u00e9 audit\u00e9s avec succ\u00e8s par la BSCI afin de garantir ainsi le respect des conditions de travail l\u00e9gales et le paiement des salaires.<br><br>Notre centre logistique moderne assure des processus sans faille et garantit ainsi des livraisons rapides \u00e0 nos clients en Suisse et \u00e0 l\u2019\u00e9tranger.<\/p>\n<\/div>\n<\/div>\n","protected":false},"excerpt":{"rendered":"<p>Bienvenue chez Zettl GmbH Nous sommes une entreprise familiale de taille moyenne dont le si\u00e8ge social se trouve \u00e0 Adelsried, pr\u00e8s d\u2019Augsbourg. Active depuis plus <\/p>\n","protected":false},"author":1,"featured_media":0,"parent":0,"menu_order":0,"comment_status":"closed","ping_status":"closed","template":"","meta":{"_acf_changed":false,"footnotes":""},"class_list":["post-71","page","type-page","status-publish","hentry"],"translation":{"provider":"WPGlobus","version":"3.0.2","language":"fr","enabled_languages":["de","en","fr","es"],"languages":{"de":{"title":true,"content":true,"excerpt":false},"en":{"title":true,"content":true,"excerpt":false},"fr":{"title":true,"content":true,"excerpt":false},"es":{"title":true,"content":true,"excerpt":false}}},"acf":[],"yoast_head":"<!-- This site is optimized with the Yoast SEO plugin v27.4 - https:\/\/yoast.com\/product\/yoast-seo-wordpress\/ -->\n<title>\u00e0 propos de nous\ufffc - Zettl GmbH<\/title>\n<meta name=\"robots\" content=\"index, follow, max-snippet:-1, max-image-preview:large, max-video-preview:-1\" \/>\n<link rel=\"canonical\" href=\"https:\/\/zettl.de\/\" \/>\n<meta property=\"og:locale\" content=\"fr_FR\" \/>\n<meta property=\"og:type\" content=\"article\" \/>\n<meta property=\"og:title\" content=\"Zettl GmbH\" \/>\n<meta property=\"og:description\" content=\"Alles rund ums N\u00e4hen und Handarbeiten ...\" \/>\n<meta property=\"og:url\" content=\"https:\/\/zettl.de\/\" \/>\n<meta property=\"og:site_name\" content=\"Zettl GmbH\" \/>\n<meta property=\"article:modified_time\" content=\"2024-02-05T13:30:31+00:00\" \/>\n<meta name=\"twitter:card\" content=\"summary_large_image\" \/>\n<meta name=\"twitter:label1\" content=\"Est. reading time\" \/>\n\t<meta name=\"twitter:data1\" content=\"2 minutes\" \/>\n<script type=\"application\/ld+json\" class=\"yoast-schema-graph\">{\"@context\":\"https:\\\/\\\/schema.org\",\"@graph\":[{\"@type\":\"WebPage\",\"@id\":\"https:\\\/\\\/zettl.de\\\/\",\"url\":\"https:\\\/\\\/zettl.de\\\/\",\"name\":\"\u00e0 propos de nous\ufffc - Zettl GmbH\",\"isPartOf\":{\"@id\":\"https:\\\/\\\/zettl.de\\\/#website\"},\"datePublished\":\"2021-08-05T11:13:12+00:00\",\"dateModified\":\"2024-02-05T13:30:31+00:00\",\"breadcrumb\":{\"@id\":\"https:\\\/\\\/zettl.de\\\/#breadcrumb\"},\"inLanguage\":\"fr-FR\",\"potentialAction\":[{\"@type\":\"ReadAction\",\"target\":[\"https:\\\/\\\/zettl.de\\\/\"]}]},{\"@type\":\"BreadcrumbList\",\"@id\":\"https:\\\/\\\/zettl.de\\\/#breadcrumb\",\"itemListElement\":[{\"@type\":\"ListItem\",\"position\":1,\"name\":\"Startseite\",\"item\":\"https:\\\/\\\/zettl.de\\\/\"},{\"@type\":\"ListItem\",\"position\":2,\"name\":\"\u00dcber uns\"}]},{\"@type\":\"WebSite\",\"@id\":\"https:\\\/\\\/zettl.de\\\/#website\",\"url\":\"https:\\\/\\\/zettl.de\\\/\",\"name\":\"Zettl GmbH\",\"description\":\"Alles rund ums N\u00e4hen und Handarbeit ...\",\"publisher\":{\"@id\":\"https:\\\/\\\/zettl.de\\\/#organization\"},\"potentialAction\":[{\"@type\":\"SearchAction\",\"target\":{\"@type\":\"EntryPoint\",\"urlTemplate\":\"https:\\\/\\\/zettl.de\\\/?s={search_term_string}\"},\"query-input\":{\"@type\":\"PropertyValueSpecification\",\"valueRequired\":true,\"valueName\":\"search_term_string\"}}],\"inLanguage\":\"fr-FR\"},{\"@type\":\"Organization\",\"@id\":\"https:\\\/\\\/zettl.de\\\/#organization\",\"name\":\"Zettl GmbH\",\"url\":\"https:\\\/\\\/zettl.de\\\/\",\"logo\":{\"@type\":\"ImageObject\",\"inLanguage\":\"fr-FR\",\"@id\":\"https:\\\/\\\/zettl.de\\\/#\\\/schema\\\/logo\\\/image\\\/\",\"url\":\"https:\\\/\\\/zettl.de\\\/wp-content\\\/uploads\\\/2021\\\/09\\\/Zettl-Logo-4C.png\",\"contentUrl\":\"https:\\\/\\\/zettl.de\\\/wp-content\\\/uploads\\\/2021\\\/09\\\/Zettl-Logo-4C.png\",\"width\":360,\"height\":157,\"caption\":\"Zettl GmbH\"},\"image\":{\"@id\":\"https:\\\/\\\/zettl.de\\\/#\\\/schema\\\/logo\\\/image\\\/\"}}]}<\/script>\n<!-- \/ Yoast SEO plugin. -->","yoast_head_json":{"title":"\u00e0 propos de nous\ufffc - Zettl GmbH","robots":{"index":"index","follow":"follow","max-snippet":"max-snippet:-1","max-image-preview":"max-image-preview:large","max-video-preview":"max-video-preview:-1"},"canonical":"https:\/\/zettl.de\/","og_locale":"fr_FR","og_type":"article","og_title":"Zettl GmbH","og_description":"Alles rund ums N\u00e4hen und Handarbeiten ...","og_url":"https:\/\/zettl.de\/","og_site_name":"Zettl GmbH","article_modified_time":"2024-02-05T13:30:31+00:00","twitter_card":"summary_large_image","twitter_misc":{"Est. reading time":"2 minutes"},"schema":{"@context":"https:\/\/schema.org","@graph":[{"@type":"WebPage","@id":"https:\/\/zettl.de\/","url":"https:\/\/zettl.de\/","name":"\u00e0 propos de nous\ufffc - Zettl GmbH","isPartOf":{"@id":"https:\/\/zettl.de\/#website"},"datePublished":"2021-08-05T11:13:12+00:00","dateModified":"2024-02-05T13:30:31+00:00","breadcrumb":{"@id":"https:\/\/zettl.de\/#breadcrumb"},"inLanguage":"fr-FR","potentialAction":[{"@type":"ReadAction","target":["https:\/\/zettl.de\/"]}]},{"@type":"BreadcrumbList","@id":"https:\/\/zettl.de\/#breadcrumb","itemListElement":[{"@type":"ListItem","position":1,"name":"Startseite","item":"https:\/\/zettl.de\/"},{"@type":"ListItem","position":2,"name":"\u00dcber uns"}]},{"@type":"WebSite","@id":"https:\/\/zettl.de\/#website","url":"https:\/\/zettl.de\/","name":"Zettl GmbH","description":"Alles rund ums N\u00e4hen und Handarbeit ...","publisher":{"@id":"https:\/\/zettl.de\/#organization"},"potentialAction":[{"@type":"SearchAction","target":{"@type":"EntryPoint","urlTemplate":"https:\/\/zettl.de\/?s={search_term_string}"},"query-input":{"@type":"PropertyValueSpecification","valueRequired":true,"valueName":"search_term_string"}}],"inLanguage":"fr-FR"},{"@type":"Organization","@id":"https:\/\/zettl.de\/#organization","name":"Zettl GmbH","url":"https:\/\/zettl.de\/","logo":{"@type":"ImageObject","inLanguage":"fr-FR","@id":"https:\/\/zettl.de\/#\/schema\/logo\/image\/","url":"https:\/\/zettl.de\/wp-content\/uploads\/2021\/09\/Zettl-Logo-4C.png","contentUrl":"https:\/\/zettl.de\/wp-content\/uploads\/2021\/09\/Zettl-Logo-4C.png","width":360,"height":157,"caption":"Zettl GmbH"},"image":{"@id":"https:\/\/zettl.de\/#\/schema\/logo\/image\/"}}]}},"_links":{"self":[{"href":"https:\/\/zettl.de\/fr\/wp-json\/wp\/v2\/pages\/71","targetHints":{"allow":["GET"]}}],"collection":[{"href":"https:\/\/zettl.de\/fr\/wp-json\/wp\/v2\/pages"}],"about":[{"href":"https:\/\/zettl.de\/fr\/wp-json\/wp\/v2\/types\/page"}],"author":[{"embeddable":true,"href":"https:\/\/zettl.de\/fr\/wp-json\/wp\/v2\/users\/1"}],"replies":[{"embeddable":true,"href":"https:\/\/zettl.de\/fr\/wp-json\/wp\/v2\/comments?post=71"}],"version-history":[{"count":3,"href":"https:\/\/zettl.de\/fr\/wp-json\/wp\/v2\/pages\/71\/revisions"}],"predecessor-version":[{"id":1239,"href":"https:\/\/zettl.de\/fr\/wp-json\/wp\/v2\/pages\/71\/revisions\/1239"}],"wp:attachment":[{"href":"https:\/\/zettl.de\/fr\/wp-json\/wp\/v2\/media?parent=71"}],"curies":[{"name":"wp","href":"https:\/\/api.w.org\/{rel}","templated":true}]}}