{"id":401,"date":"2021-08-20T13:29:26","date_gmt":"2021-08-20T11:29:26","guid":{"rendered":"https:\/\/zettl.de\/?page_id=401"},"modified":"2022-09-12T08:16:54","modified_gmt":"2022-09-12T06:16:54","slug":"karriere","status":"publish","type":"page","link":"https:\/\/zettl.de\/fr\/karriere\/","title":{"rendered":"Carri\u00e8re"},"content":{"rendered":"\n<p><meta charset=\"utf-8\">Wir sind ein in dritter Generation inhabergef\u00fchrtes, mittelst\u00e4ndisches Gro\u00dfhandelsunternehmen mit Sitz in Adelsried bei Augsburg. Seit \u00fcber 60 Jahren entwickeln, produzieren und vertreiben wir alles rund ums N\u00e4hen und Handarbeiten mit intensiver Ausrichtung auf gro\u00dfangelegte Verkaufsaktionen sowie NOS-Artikel f\u00fcr f\u00fchrende Einzelhandelsketten in Deutschland, \u00d6sterreich und der Schweiz.<\/p>\n\n\n\n<p>Zur Verst\u00e4rkung unseres Teams m\u00f6chten wir folgende abwechslungsreiche Stellen besetzen:<\/p>\n","protected":false},"excerpt":{"rendered":"<p>Wir sind ein in dritter Generation inhabergef\u00fchrtes, mittelst\u00e4ndisches Gro\u00dfhandelsunternehmen mit Sitz in Adelsried bei Augsburg. Seit \u00fcber 60 Jahren entwickeln, produzieren und vertreiben wir alles <\/p>\n","protected":false},"author":1,"featured_media":0,"parent":0,"menu_order":0,"comment_status":"closed","ping_status":"closed","template":"","meta":{"_acf_changed":false,"footnotes":""},"class_list":["post-401","page","type-page","status-publish","hentry"],"translation":{"provider":"WPGlobus","version":"3.0.2","language":"fr","enabled_languages":["de","en","fr","es"],"languages":{"de":{"title":true,"content":true,"excerpt":false},"en":{"title":true,"content":true,"excerpt":false},"fr":{"title":true,"content":false,"excerpt":false},"es":{"title":true,"content":false,"excerpt":false}}},"acf":[],"yoast_head":"<!-- This site is optimized with the Yoast SEO plugin v27.3 - https:\/\/yoast.com\/product\/yoast-seo-wordpress\/ -->\n<title>Carri\u00e8re - Zettl GmbH<\/title>\n<meta name=\"robots\" content=\"index, follow, max-snippet:-1, max-image-preview:large, max-video-preview:-1\" \/>\n<link rel=\"canonical\" href=\"https:\/\/zettl.de\/karriere\/\" \/>\n<meta property=\"og:locale\" content=\"fr_FR\" \/>\n<meta property=\"og:type\" content=\"article\" \/>\n<meta property=\"og:title\" content=\"Carri\u00e8re - Zettl GmbH\" \/>\n<meta property=\"og:url\" content=\"https:\/\/zettl.de\/karriere\/\" \/>\n<meta property=\"og:site_name\" content=\"Zettl GmbH\" \/>\n<meta property=\"article:modified_time\" content=\"2022-09-12T06:16:54+00:00\" \/>\n<meta property=\"og:image\" content=\"https:\/\/website.zettl.de\/wp-content\/uploads\/2021\/09\/cropped-favicon.png\" \/>\n\t<meta property=\"og:image:width\" content=\"512\" \/>\n\t<meta property=\"og:image:height\" content=\"512\" \/>\n\t<meta property=\"og:image:type\" content=\"image\/png\" \/>\n<meta name=\"twitter:card\" content=\"summary_large_image\" \/>\n<meta name=\"twitter:image\" content=\"https:\/\/website.zettl.de\/wp-content\/uploads\/2021\/09\/cropped-favicon.png\" \/>\n<script type=\"application\/ld+json\" class=\"yoast-schema-graph\">{\"@context\":\"https:\\\/\\\/schema.org\",\"@graph\":[{\"@type\":\"WebPage\",\"@id\":\"https:\\\/\\\/zettl.de\\\/karriere\\\/\",\"url\":\"https:\\\/\\\/zettl.de\\\/karriere\\\/\",\"name\":\"Carri\u00e8re - Zettl GmbH\",\"isPartOf\":{\"@id\":\"https:\\\/\\\/zettl.de\\\/#website\"},\"datePublished\":\"2021-08-20T11:29:26+00:00\",\"dateModified\":\"2022-09-12T06:16:54+00:00\",\"description\":\"Sie haben den Faden verloren oder sind auf der Suche nach einer neuen Herausforderung \u2013 dann bewerben Sie sich bei uns!\",\"breadcrumb\":{\"@id\":\"https:\\\/\\\/zettl.de\\\/karriere\\\/#breadcrumb\"},\"inLanguage\":\"fr-FR\",\"potentialAction\":[{\"@type\":\"ReadAction\",\"target\":[\"https:\\\/\\\/zettl.de\\\/karriere\\\/\"]}]},{\"@type\":\"BreadcrumbList\",\"@id\":\"https:\\\/\\\/zettl.de\\\/karriere\\\/#breadcrumb\",\"itemListElement\":[{\"@type\":\"ListItem\",\"position\":1,\"name\":\"Startseite\",\"item\":\"https:\\\/\\\/zettl.de\\\/\"},{\"@type\":\"ListItem\",\"position\":2,\"name\":\"Karriere\"}]},{\"@type\":\"WebSite\",\"@id\":\"https:\\\/\\\/zettl.de\\\/#website\",\"url\":\"https:\\\/\\\/zettl.de\\\/\",\"name\":\"Zettl GmbH\",\"description\":\"Alles rund ums N\u00e4hen und Handarbeit ...\",\"publisher\":{\"@id\":\"https:\\\/\\\/zettl.de\\\/#organization\"},\"potentialAction\":[{\"@type\":\"SearchAction\",\"target\":{\"@type\":\"EntryPoint\",\"urlTemplate\":\"https:\\\/\\\/zettl.de\\\/?s={search_term_string}\"},\"query-input\":{\"@type\":\"PropertyValueSpecification\",\"valueRequired\":true,\"valueName\":\"search_term_string\"}}],\"inLanguage\":\"fr-FR\"},{\"@type\":\"Organization\",\"@id\":\"https:\\\/\\\/zettl.de\\\/#organization\",\"name\":\"Zettl GmbH\",\"url\":\"https:\\\/\\\/zettl.de\\\/\",\"logo\":{\"@type\":\"ImageObject\",\"inLanguage\":\"fr-FR\",\"@id\":\"https:\\\/\\\/zettl.de\\\/#\\\/schema\\\/logo\\\/image\\\/\",\"url\":\"https:\\\/\\\/zettl.de\\\/wp-content\\\/uploads\\\/2021\\\/09\\\/Zettl-Logo-4C.png\",\"contentUrl\":\"https:\\\/\\\/zettl.de\\\/wp-content\\\/uploads\\\/2021\\\/09\\\/Zettl-Logo-4C.png\",\"width\":360,\"height\":157,\"caption\":\"Zettl GmbH\"},\"image\":{\"@id\":\"https:\\\/\\\/zettl.de\\\/#\\\/schema\\\/logo\\\/image\\\/\"}}]}<\/script>\n<!-- \/ Yoast SEO plugin. -->","yoast_head_json":{"title":"Carri\u00e8re - Zettl GmbH","robots":{"index":"index","follow":"follow","max-snippet":"max-snippet:-1","max-image-preview":"max-image-preview:large","max-video-preview":"max-video-preview:-1"},"canonical":"https:\/\/zettl.de\/karriere\/","og_locale":"fr_FR","og_type":"article","og_title":"Carri\u00e8re - Zettl GmbH","og_url":"https:\/\/zettl.de\/karriere\/","og_site_name":"Zettl GmbH","article_modified_time":"2022-09-12T06:16:54+00:00","og_image":[{"width":512,"height":512,"url":"https:\/\/website.zettl.de\/wp-content\/uploads\/2021\/09\/cropped-favicon.png","type":"image\/png"}],"twitter_card":"summary_large_image","twitter_image":"https:\/\/website.zettl.de\/wp-content\/uploads\/2021\/09\/cropped-favicon.png","schema":{"@context":"https:\/\/schema.org","@graph":[{"@type":"WebPage","@id":"https:\/\/zettl.de\/karriere\/","url":"https:\/\/zettl.de\/karriere\/","name":"Carri\u00e8re - Zettl GmbH","isPartOf":{"@id":"https:\/\/zettl.de\/#website"},"datePublished":"2021-08-20T11:29:26+00:00","dateModified":"2022-09-12T06:16:54+00:00","description":"Sie haben den Faden verloren oder sind auf der Suche nach einer neuen Herausforderung \u2013 dann bewerben Sie sich bei uns!","breadcrumb":{"@id":"https:\/\/zettl.de\/karriere\/#breadcrumb"},"inLanguage":"fr-FR","potentialAction":[{"@type":"ReadAction","target":["https:\/\/zettl.de\/karriere\/"]}]},{"@type":"BreadcrumbList","@id":"https:\/\/zettl.de\/karriere\/#breadcrumb","itemListElement":[{"@type":"ListItem","position":1,"name":"Startseite","item":"https:\/\/zettl.de\/"},{"@type":"ListItem","position":2,"name":"Karriere"}]},{"@type":"WebSite","@id":"https:\/\/zettl.de\/#website","url":"https:\/\/zettl.de\/","name":"Zettl GmbH","description":"Alles rund ums N\u00e4hen und Handarbeit ...","publisher":{"@id":"https:\/\/zettl.de\/#organization"},"potentialAction":[{"@type":"SearchAction","target":{"@type":"EntryPoint","urlTemplate":"https:\/\/zettl.de\/?s={search_term_string}"},"query-input":{"@type":"PropertyValueSpecification","valueRequired":true,"valueName":"search_term_string"}}],"inLanguage":"fr-FR"},{"@type":"Organization","@id":"https:\/\/zettl.de\/#organization","name":"Zettl GmbH","url":"https:\/\/zettl.de\/","logo":{"@type":"ImageObject","inLanguage":"fr-FR","@id":"https:\/\/zettl.de\/#\/schema\/logo\/image\/","url":"https:\/\/zettl.de\/wp-content\/uploads\/2021\/09\/Zettl-Logo-4C.png","contentUrl":"https:\/\/zettl.de\/wp-content\/uploads\/2021\/09\/Zettl-Logo-4C.png","width":360,"height":157,"caption":"Zettl GmbH"},"image":{"@id":"https:\/\/zettl.de\/#\/schema\/logo\/image\/"}}]}},"_links":{"self":[{"href":"https:\/\/zettl.de\/fr\/wp-json\/wp\/v2\/pages\/401","targetHints":{"allow":["GET"]}}],"collection":[{"href":"https:\/\/zettl.de\/fr\/wp-json\/wp\/v2\/pages"}],"about":[{"href":"https:\/\/zettl.de\/fr\/wp-json\/wp\/v2\/types\/page"}],"author":[{"embeddable":true,"href":"https:\/\/zettl.de\/fr\/wp-json\/wp\/v2\/users\/1"}],"replies":[{"embeddable":true,"href":"https:\/\/zettl.de\/fr\/wp-json\/wp\/v2\/comments?post=401"}],"version-history":[{"count":1,"href":"https:\/\/zettl.de\/fr\/wp-json\/wp\/v2\/pages\/401\/revisions"}],"predecessor-version":[{"id":1188,"href":"https:\/\/zettl.de\/fr\/wp-json\/wp\/v2\/pages\/401\/revisions\/1188"}],"wp:attachment":[{"href":"https:\/\/zettl.de\/fr\/wp-json\/wp\/v2\/media?parent=401"}],"curies":[{"name":"wp","href":"https:\/\/api.w.org\/{rel}","templated":true}]}}