{"id":78,"date":"2021-08-05T13:14:01","date_gmt":"2021-08-05T11:14:01","guid":{"rendered":"https:\/\/zettl.de\/?page_id=78"},"modified":"2025-10-14T09:20:41","modified_gmt":"2025-10-14T07:20:41","slug":"impressum","status":"publish","type":"page","link":"https:\/\/zettl.de\/es\/impressum\/","title":{"rendered":"Impressum"},"content":{"rendered":"\n<h1 class=\"wp-block-heading\">Impressum<\/h1>\n\n\n\n<p><strong>Zettl GmbH<\/strong><br>Flurstra\u00dfe 3<br>86477 Adelsried<br>Phone <a data-type=\"tel\" data-id=\"tel:+49829486070\" href=\"tel:+49829486070\">+49(0)8294 86070<\/a><br>Fax +49(0)8294 2052<br><a data-type=\"mailto\" data-id=\"mailto:info@zettl.de\" href=\"mailto:info@zettl.de\">info@zettl.de<br><\/a><a data-type=\"URL\" data-id=\"https:\/\/zettl.de\" href=\"https:\/\/zettl.de\">www.zettl.de<\/a><\/p>\n\n\n\n<p>Director General autorizado para representar a la empresa: Melanie Zettl, Andreas Zettl<\/p>\n\n\n\n<p>Tribunal de registro: Tribunal Local de Augsburgo<br>N\u00famero de registro: HRB 9579<br>N\u00famero de identificaci\u00f3n fiscal: DE 127471239<\/p>\n\n\n\n<p>Aviso de responsabilidad:<br>A pesar del cuidadoso control de los contenidos, no asumimos ninguna responsabilidad por los contenidos de los enlaces externos. Los operadores de las p\u00e1ginas enlazadas son los \u00fanicos responsables de su contenido.<\/p>\n","protected":false},"excerpt":{"rendered":"<p>Impressum Zettl GmbHFlurstra\u00dfe 386477 AdelsriedPhone +49(0)8294 86070Fax +49(0)8294 2052info@zettl.dewww.zettl.de Director General autorizado para representar a la empresa: Melanie Zettl, Andreas Zettl Tribunal de registro: Tribunal <\/p>\n","protected":false},"author":1,"featured_media":0,"parent":0,"menu_order":0,"comment_status":"closed","ping_status":"closed","template":"","meta":{"_acf_changed":false,"footnotes":""},"class_list":["post-78","page","type-page","status-publish","hentry"],"translation":{"provider":"WPGlobus","version":"3.0.2","language":"es","enabled_languages":["de","en","fr","es"],"languages":{"de":{"title":true,"content":true,"excerpt":false},"en":{"title":true,"content":true,"excerpt":false},"fr":{"title":true,"content":true,"excerpt":false},"es":{"title":true,"content":true,"excerpt":false}}},"acf":[],"yoast_head":"<!-- This site is optimized with the Yoast SEO plugin v27.3 - https:\/\/yoast.com\/product\/yoast-seo-wordpress\/ -->\n<title>Impressum - Zettl GmbH<\/title>\n<meta name=\"robots\" content=\"index, follow, max-snippet:-1, max-image-preview:large, max-video-preview:-1\" \/>\n<link rel=\"canonical\" href=\"https:\/\/zettl.de\/impressum\/\" \/>\n<meta property=\"og:locale\" content=\"es_ES\" \/>\n<meta property=\"og:type\" content=\"article\" \/>\n<meta property=\"og:title\" content=\"Impressum - Zettl GmbH\" \/>\n<meta property=\"og:url\" content=\"https:\/\/zettl.de\/impressum\/\" \/>\n<meta property=\"og:site_name\" content=\"Zettl GmbH\" \/>\n<meta property=\"article:modified_time\" content=\"2025-10-14T07:20:41+00:00\" \/>\n<meta name=\"twitter:card\" content=\"summary_large_image\" \/>\n<meta name=\"twitter:label1\" content=\"Est. reading time\" \/>\n\t<meta name=\"twitter:data1\" content=\"1 minute\" \/>\n<script type=\"application\/ld+json\" class=\"yoast-schema-graph\">{\"@context\":\"https:\\\/\\\/schema.org\",\"@graph\":[{\"@type\":\"WebPage\",\"@id\":\"https:\\\/\\\/zettl.de\\\/impressum\\\/\",\"url\":\"https:\\\/\\\/zettl.de\\\/impressum\\\/\",\"name\":\"Impressum - Zettl GmbH\",\"isPartOf\":{\"@id\":\"https:\\\/\\\/zettl.de\\\/#website\"},\"datePublished\":\"2021-08-05T11:14:01+00:00\",\"dateModified\":\"2025-10-14T07:20:41+00:00\",\"breadcrumb\":{\"@id\":\"https:\\\/\\\/zettl.de\\\/impressum\\\/#breadcrumb\"},\"inLanguage\":\"es-ES\",\"potentialAction\":[{\"@type\":\"ReadAction\",\"target\":[\"https:\\\/\\\/zettl.de\\\/impressum\\\/\"]}]},{\"@type\":\"BreadcrumbList\",\"@id\":\"https:\\\/\\\/zettl.de\\\/impressum\\\/#breadcrumb\",\"itemListElement\":[{\"@type\":\"ListItem\",\"position\":1,\"name\":\"Startseite\",\"item\":\"https:\\\/\\\/zettl.de\\\/\"},{\"@type\":\"ListItem\",\"position\":2,\"name\":\"Impressum\"}]},{\"@type\":\"WebSite\",\"@id\":\"https:\\\/\\\/zettl.de\\\/#website\",\"url\":\"https:\\\/\\\/zettl.de\\\/\",\"name\":\"Zettl GmbH\",\"description\":\"Alles rund ums N\u00e4hen und Handarbeit ...\",\"publisher\":{\"@id\":\"https:\\\/\\\/zettl.de\\\/#organization\"},\"potentialAction\":[{\"@type\":\"SearchAction\",\"target\":{\"@type\":\"EntryPoint\",\"urlTemplate\":\"https:\\\/\\\/zettl.de\\\/?s={search_term_string}\"},\"query-input\":{\"@type\":\"PropertyValueSpecification\",\"valueRequired\":true,\"valueName\":\"search_term_string\"}}],\"inLanguage\":\"es-ES\"},{\"@type\":\"Organization\",\"@id\":\"https:\\\/\\\/zettl.de\\\/#organization\",\"name\":\"Zettl GmbH\",\"url\":\"https:\\\/\\\/zettl.de\\\/\",\"logo\":{\"@type\":\"ImageObject\",\"inLanguage\":\"es-ES\",\"@id\":\"https:\\\/\\\/zettl.de\\\/#\\\/schema\\\/logo\\\/image\\\/\",\"url\":\"https:\\\/\\\/zettl.de\\\/wp-content\\\/uploads\\\/2021\\\/09\\\/Zettl-Logo-4C.png\",\"contentUrl\":\"https:\\\/\\\/zettl.de\\\/wp-content\\\/uploads\\\/2021\\\/09\\\/Zettl-Logo-4C.png\",\"width\":360,\"height\":157,\"caption\":\"Zettl GmbH\"},\"image\":{\"@id\":\"https:\\\/\\\/zettl.de\\\/#\\\/schema\\\/logo\\\/image\\\/\"}}]}<\/script>\n<!-- \/ Yoast SEO plugin. -->","yoast_head_json":{"title":"Impressum - Zettl GmbH","robots":{"index":"index","follow":"follow","max-snippet":"max-snippet:-1","max-image-preview":"max-image-preview:large","max-video-preview":"max-video-preview:-1"},"canonical":"https:\/\/zettl.de\/impressum\/","og_locale":"es_ES","og_type":"article","og_title":"Impressum - Zettl GmbH","og_url":"https:\/\/zettl.de\/impressum\/","og_site_name":"Zettl GmbH","article_modified_time":"2025-10-14T07:20:41+00:00","twitter_card":"summary_large_image","twitter_misc":{"Est. reading time":"1 minute"},"schema":{"@context":"https:\/\/schema.org","@graph":[{"@type":"WebPage","@id":"https:\/\/zettl.de\/impressum\/","url":"https:\/\/zettl.de\/impressum\/","name":"Impressum - Zettl GmbH","isPartOf":{"@id":"https:\/\/zettl.de\/#website"},"datePublished":"2021-08-05T11:14:01+00:00","dateModified":"2025-10-14T07:20:41+00:00","breadcrumb":{"@id":"https:\/\/zettl.de\/impressum\/#breadcrumb"},"inLanguage":"es-ES","potentialAction":[{"@type":"ReadAction","target":["https:\/\/zettl.de\/impressum\/"]}]},{"@type":"BreadcrumbList","@id":"https:\/\/zettl.de\/impressum\/#breadcrumb","itemListElement":[{"@type":"ListItem","position":1,"name":"Startseite","item":"https:\/\/zettl.de\/"},{"@type":"ListItem","position":2,"name":"Impressum"}]},{"@type":"WebSite","@id":"https:\/\/zettl.de\/#website","url":"https:\/\/zettl.de\/","name":"Zettl GmbH","description":"Alles rund ums N\u00e4hen und Handarbeit ...","publisher":{"@id":"https:\/\/zettl.de\/#organization"},"potentialAction":[{"@type":"SearchAction","target":{"@type":"EntryPoint","urlTemplate":"https:\/\/zettl.de\/?s={search_term_string}"},"query-input":{"@type":"PropertyValueSpecification","valueRequired":true,"valueName":"search_term_string"}}],"inLanguage":"es-ES"},{"@type":"Organization","@id":"https:\/\/zettl.de\/#organization","name":"Zettl GmbH","url":"https:\/\/zettl.de\/","logo":{"@type":"ImageObject","inLanguage":"es-ES","@id":"https:\/\/zettl.de\/#\/schema\/logo\/image\/","url":"https:\/\/zettl.de\/wp-content\/uploads\/2021\/09\/Zettl-Logo-4C.png","contentUrl":"https:\/\/zettl.de\/wp-content\/uploads\/2021\/09\/Zettl-Logo-4C.png","width":360,"height":157,"caption":"Zettl GmbH"},"image":{"@id":"https:\/\/zettl.de\/#\/schema\/logo\/image\/"}}]}},"_links":{"self":[{"href":"https:\/\/zettl.de\/es\/wp-json\/wp\/v2\/pages\/78","targetHints":{"allow":["GET"]}}],"collection":[{"href":"https:\/\/zettl.de\/es\/wp-json\/wp\/v2\/pages"}],"about":[{"href":"https:\/\/zettl.de\/es\/wp-json\/wp\/v2\/types\/page"}],"author":[{"embeddable":true,"href":"https:\/\/zettl.de\/es\/wp-json\/wp\/v2\/users\/1"}],"replies":[{"embeddable":true,"href":"https:\/\/zettl.de\/es\/wp-json\/wp\/v2\/comments?post=78"}],"version-history":[{"count":4,"href":"https:\/\/zettl.de\/es\/wp-json\/wp\/v2\/pages\/78\/revisions"}],"predecessor-version":[{"id":1306,"href":"https:\/\/zettl.de\/es\/wp-json\/wp\/v2\/pages\/78\/revisions\/1306"}],"wp:attachment":[{"href":"https:\/\/zettl.de\/es\/wp-json\/wp\/v2\/media?parent=78"}],"curies":[{"name":"wp","href":"https:\/\/api.w.org\/{rel}","templated":true}]}}