{"id":71,"date":"2021-08-05T13:13:12","date_gmt":"2021-08-05T11:13:12","guid":{"rendered":"https:\/\/zettl.de\/?page_id=71"},"modified":"2024-02-05T14:30:31","modified_gmt":"2024-02-05T13:30:31","slug":"ueber-uns","status":"publish","type":"page","link":"https:\/\/zettl.de\/es\/","title":{"rendered":"Sobre nosotros\u00a0\ufffc"},"content":{"rendered":"\n<div class=\"wp-block-columns text-block is-layout-flex wp-container-core-columns-is-layout-9d6595d7 wp-block-columns-is-layout-flex\">\n<div class=\"wp-block-column is-layout-flow wp-block-column-is-layout-flow\" style=\"flex-basis:33.33%\">\n<h1 class=\"wp-block-heading\">Bienvenido a <br><span class=\"highlight-blue\">Zettl GmbH<\/span><\/h1>\n<\/div>\n\n\n\n<div class=\"wp-block-column is-layout-flow wp-block-column-is-layout-flow\" style=\"flex-basis:66.66%\">\n<p>Somos una mediana empresa familiar con sede en Adelsried, cerca de Augsburgo. Desde hace m\u00e1s de 60 a\u00f1os, le suministramos todo lo que necesita para la costura y las labores de aguja. Desarrollamos, fabricamos e importamos productos de seder\u00eda, hilos y costura.<\/p>\n\n\n\n<p>Utilizando las t\u00e9cnicas m\u00e1s modernas, etiquetadoras, estaciones de llenado y m\u00e1quinas para el termoformado y el moldeo por inyecci\u00f3n, fabricamos nosotros mismos los envases de pl\u00e1stico y de presentaci\u00f3n para su producci\u00f3n seg\u00fan los requisitos del cliente. El desarrollo de soluciones complejas y la producci\u00f3n de prototipos son algunas de nuestras principales ventajas competitivas.<\/p>\n\n\n\n<p>Para garantizar un alto nivel de calidad, probamos peri\u00f3dicamente los productos de nuestros proveedores en nuestras instalaciones y con la ayuda de institutos independientes de pruebas textiles. Para cubrir permanentemente todas las necesidades del mercado, nuestros hilos de punto y ganchillos se fabrican seg\u00fan la norma Oeko-Tex\u00ae 100.<\/p>\n\n\n\n<p>Nuestra amplia cartera de productos tambi\u00e9n incluye hilos con certificaci\u00f3n GOTS y productos reciclados fabricados con botellas de PET o vaqueros, por ejemplo. Como el bienestar de los animales y la sostenibilidad son especialmente importantes para nosotros, hemos obtenido la certificaci\u00f3n GOTS para nuestra empresa. La Norma Textil Ecol\u00f3gica Mundial (GOTS) es una norma de aplicaci\u00f3n mundial para el procesamiento de textiles fabricados con fibras naturales de producci\u00f3n ecol\u00f3gica. Define los requisitos medioambientales a lo largo de toda la cadena de producci\u00f3n textil, as\u00ed como los criterios sociales. La garant\u00eda de calidad se lleva a cabo mediante la certificaci\u00f3n independiente de toda la cadena de suministro textil y se audita anualmente. Tambi\u00e9n garantizamos que toda nuestra gama est\u00e1 libre de mulas.<\/p>\n\n\n\n<p>Nuestra empresa no s\u00f3lo es miembro de la Iniciativa de Cumplimiento Social Empresarial (BSCI) de amfori, sino que adem\u00e1s nuestros productores son auditados con \u00e9xito por la BSCI y garantizan as\u00ed el cumplimiento de las condiciones laborales y los pagos salariales legales.<\/p>\n\n\n\n<p>Nuestro moderno centro log\u00edstico asegura la fluidez de los procesos y garantiza as\u00ed la rapidez de las entregas a nuestros clientes en el pa\u00eds y en el extranjero.<\/p>\n<\/div>\n<\/div>\n","protected":false},"excerpt":{"rendered":"<p>Bienvenido a Zettl GmbH Somos una mediana empresa familiar con sede en Adelsried, cerca de Augsburgo. Desde hace m\u00e1s de 60 a\u00f1os, le suministramos todo <\/p>\n","protected":false},"author":1,"featured_media":0,"parent":0,"menu_order":0,"comment_status":"closed","ping_status":"closed","template":"","meta":{"_acf_changed":false,"footnotes":""},"class_list":["post-71","page","type-page","status-publish","hentry"],"translation":{"provider":"WPGlobus","version":"3.0.2","language":"es","enabled_languages":["de","en","fr","es"],"languages":{"de":{"title":true,"content":true,"excerpt":false},"en":{"title":true,"content":true,"excerpt":false},"fr":{"title":true,"content":true,"excerpt":false},"es":{"title":true,"content":true,"excerpt":false}}},"acf":[],"yoast_head":"<!-- This site is optimized with the Yoast SEO plugin v27.4 - https:\/\/yoast.com\/product\/yoast-seo-wordpress\/ -->\n<title>Sobre nosotros\u00a0\ufffc - Zettl GmbH<\/title>\n<meta name=\"robots\" content=\"index, follow, max-snippet:-1, max-image-preview:large, max-video-preview:-1\" \/>\n<link rel=\"canonical\" href=\"https:\/\/zettl.de\/\" \/>\n<meta property=\"og:locale\" content=\"es_ES\" \/>\n<meta property=\"og:type\" content=\"article\" \/>\n<meta property=\"og:title\" content=\"Zettl GmbH\" \/>\n<meta property=\"og:description\" content=\"Alles rund ums N\u00e4hen und Handarbeiten ...\" \/>\n<meta property=\"og:url\" content=\"https:\/\/zettl.de\/\" \/>\n<meta property=\"og:site_name\" content=\"Zettl GmbH\" \/>\n<meta property=\"article:modified_time\" content=\"2024-02-05T13:30:31+00:00\" \/>\n<meta name=\"twitter:card\" content=\"summary_large_image\" \/>\n<meta name=\"twitter:label1\" content=\"Est. reading time\" \/>\n\t<meta name=\"twitter:data1\" content=\"2 minutes\" \/>\n<script type=\"application\/ld+json\" class=\"yoast-schema-graph\">{\"@context\":\"https:\\\/\\\/schema.org\",\"@graph\":[{\"@type\":\"WebPage\",\"@id\":\"https:\\\/\\\/zettl.de\\\/\",\"url\":\"https:\\\/\\\/zettl.de\\\/\",\"name\":\"Sobre nosotros\u00a0\ufffc - Zettl GmbH\",\"isPartOf\":{\"@id\":\"https:\\\/\\\/zettl.de\\\/#website\"},\"datePublished\":\"2021-08-05T11:13:12+00:00\",\"dateModified\":\"2024-02-05T13:30:31+00:00\",\"breadcrumb\":{\"@id\":\"https:\\\/\\\/zettl.de\\\/#breadcrumb\"},\"inLanguage\":\"es-ES\",\"potentialAction\":[{\"@type\":\"ReadAction\",\"target\":[\"https:\\\/\\\/zettl.de\\\/\"]}]},{\"@type\":\"BreadcrumbList\",\"@id\":\"https:\\\/\\\/zettl.de\\\/#breadcrumb\",\"itemListElement\":[{\"@type\":\"ListItem\",\"position\":1,\"name\":\"Startseite\",\"item\":\"https:\\\/\\\/zettl.de\\\/\"},{\"@type\":\"ListItem\",\"position\":2,\"name\":\"\u00dcber uns\"}]},{\"@type\":\"WebSite\",\"@id\":\"https:\\\/\\\/zettl.de\\\/#website\",\"url\":\"https:\\\/\\\/zettl.de\\\/\",\"name\":\"Zettl GmbH\",\"description\":\"Alles rund ums N\u00e4hen und Handarbeit ...\",\"publisher\":{\"@id\":\"https:\\\/\\\/zettl.de\\\/#organization\"},\"potentialAction\":[{\"@type\":\"SearchAction\",\"target\":{\"@type\":\"EntryPoint\",\"urlTemplate\":\"https:\\\/\\\/zettl.de\\\/?s={search_term_string}\"},\"query-input\":{\"@type\":\"PropertyValueSpecification\",\"valueRequired\":true,\"valueName\":\"search_term_string\"}}],\"inLanguage\":\"es-ES\"},{\"@type\":\"Organization\",\"@id\":\"https:\\\/\\\/zettl.de\\\/#organization\",\"name\":\"Zettl GmbH\",\"url\":\"https:\\\/\\\/zettl.de\\\/\",\"logo\":{\"@type\":\"ImageObject\",\"inLanguage\":\"es-ES\",\"@id\":\"https:\\\/\\\/zettl.de\\\/#\\\/schema\\\/logo\\\/image\\\/\",\"url\":\"https:\\\/\\\/zettl.de\\\/wp-content\\\/uploads\\\/2021\\\/09\\\/Zettl-Logo-4C.png\",\"contentUrl\":\"https:\\\/\\\/zettl.de\\\/wp-content\\\/uploads\\\/2021\\\/09\\\/Zettl-Logo-4C.png\",\"width\":360,\"height\":157,\"caption\":\"Zettl GmbH\"},\"image\":{\"@id\":\"https:\\\/\\\/zettl.de\\\/#\\\/schema\\\/logo\\\/image\\\/\"}}]}<\/script>\n<!-- \/ Yoast SEO plugin. -->","yoast_head_json":{"title":"Sobre nosotros\u00a0\ufffc - Zettl GmbH","robots":{"index":"index","follow":"follow","max-snippet":"max-snippet:-1","max-image-preview":"max-image-preview:large","max-video-preview":"max-video-preview:-1"},"canonical":"https:\/\/zettl.de\/","og_locale":"es_ES","og_type":"article","og_title":"Zettl GmbH","og_description":"Alles rund ums N\u00e4hen und Handarbeiten ...","og_url":"https:\/\/zettl.de\/","og_site_name":"Zettl GmbH","article_modified_time":"2024-02-05T13:30:31+00:00","twitter_card":"summary_large_image","twitter_misc":{"Est. reading time":"2 minutes"},"schema":{"@context":"https:\/\/schema.org","@graph":[{"@type":"WebPage","@id":"https:\/\/zettl.de\/","url":"https:\/\/zettl.de\/","name":"Sobre nosotros\u00a0\ufffc - Zettl GmbH","isPartOf":{"@id":"https:\/\/zettl.de\/#website"},"datePublished":"2021-08-05T11:13:12+00:00","dateModified":"2024-02-05T13:30:31+00:00","breadcrumb":{"@id":"https:\/\/zettl.de\/#breadcrumb"},"inLanguage":"es-ES","potentialAction":[{"@type":"ReadAction","target":["https:\/\/zettl.de\/"]}]},{"@type":"BreadcrumbList","@id":"https:\/\/zettl.de\/#breadcrumb","itemListElement":[{"@type":"ListItem","position":1,"name":"Startseite","item":"https:\/\/zettl.de\/"},{"@type":"ListItem","position":2,"name":"\u00dcber uns"}]},{"@type":"WebSite","@id":"https:\/\/zettl.de\/#website","url":"https:\/\/zettl.de\/","name":"Zettl GmbH","description":"Alles rund ums N\u00e4hen und Handarbeit ...","publisher":{"@id":"https:\/\/zettl.de\/#organization"},"potentialAction":[{"@type":"SearchAction","target":{"@type":"EntryPoint","urlTemplate":"https:\/\/zettl.de\/?s={search_term_string}"},"query-input":{"@type":"PropertyValueSpecification","valueRequired":true,"valueName":"search_term_string"}}],"inLanguage":"es-ES"},{"@type":"Organization","@id":"https:\/\/zettl.de\/#organization","name":"Zettl GmbH","url":"https:\/\/zettl.de\/","logo":{"@type":"ImageObject","inLanguage":"es-ES","@id":"https:\/\/zettl.de\/#\/schema\/logo\/image\/","url":"https:\/\/zettl.de\/wp-content\/uploads\/2021\/09\/Zettl-Logo-4C.png","contentUrl":"https:\/\/zettl.de\/wp-content\/uploads\/2021\/09\/Zettl-Logo-4C.png","width":360,"height":157,"caption":"Zettl GmbH"},"image":{"@id":"https:\/\/zettl.de\/#\/schema\/logo\/image\/"}}]}},"_links":{"self":[{"href":"https:\/\/zettl.de\/es\/wp-json\/wp\/v2\/pages\/71","targetHints":{"allow":["GET"]}}],"collection":[{"href":"https:\/\/zettl.de\/es\/wp-json\/wp\/v2\/pages"}],"about":[{"href":"https:\/\/zettl.de\/es\/wp-json\/wp\/v2\/types\/page"}],"author":[{"embeddable":true,"href":"https:\/\/zettl.de\/es\/wp-json\/wp\/v2\/users\/1"}],"replies":[{"embeddable":true,"href":"https:\/\/zettl.de\/es\/wp-json\/wp\/v2\/comments?post=71"}],"version-history":[{"count":3,"href":"https:\/\/zettl.de\/es\/wp-json\/wp\/v2\/pages\/71\/revisions"}],"predecessor-version":[{"id":1239,"href":"https:\/\/zettl.de\/es\/wp-json\/wp\/v2\/pages\/71\/revisions\/1239"}],"wp:attachment":[{"href":"https:\/\/zettl.de\/es\/wp-json\/wp\/v2\/media?parent=71"}],"curies":[{"name":"wp","href":"https:\/\/api.w.org\/{rel}","templated":true}]}}