{"id":1056,"date":"2022-04-27T13:00:44","date_gmt":"2022-04-27T11:00:44","guid":{"rendered":"https:\/\/zettl.de\/?page_id=1056"},"modified":"2022-05-23T09:51:40","modified_gmt":"2022-05-23T07:51:40","slug":"agbs","status":"publish","type":"page","link":"https:\/\/zettl.de\/es\/agbs\/","title":{"rendered":"AGBs"},"content":{"rendered":"\n<div class=\"wp-block-columns is-layout-flex wp-container-core-columns-is-layout-9d6595d7 wp-block-columns-is-layout-flex\">\n<div class=\"wp-block-column is-layout-flow wp-block-column-is-layout-flow\">\n<h1 class=\"wp-block-heading\">AGBs<\/h1>\n<\/div>\n<\/div>\n\n\n\n<p>Die nachstehenden Allgemeinen Verkaufs-, Lieferungs- und Zahlungsbedingungen gelten f\u00fcr alle von uns abgegebenen Gebote und mit uns abgeschlossenen Vertr\u00e4ge, auch f\u00fcr zuk\u00fcnftige, ausschlie\u00dflich. Der Geltung der Allgemeinen Gesch\u00e4ftsbedingungen des K\u00e4ufers wird hiermit endg\u00fcltig widersprochen, auch wenn wir in Kenntnis der Allgemeinen Gesch\u00e4ftsbedingungen des K\u00e4ufers eine Bestellung erf\u00fcllen.<\/p>\n\n\n\n<p><strong>1. Angebot und Abschluss<\/strong><\/p>\n\n\n\n<p>Alle Angebote sind unverbindlich, insbesondere hinsichtlich Preis- und Lieferungsm\u00f6glichkeit. Alle Vereinbarungen, die zwischen uns und dem Besteller zwecks Ausf\u00fchrung eines Vertrags getroffen werden, sind schriftlich niederzulegen. Falls der Auftrag nicht besonders best\u00e4tigt wird, gilt die Rechnung als Auftragsbest\u00e4tigung.<\/p>\n\n\n\n<p><strong>2. Preise<\/strong><\/p>\n\n\n\n<p>Die Preise gelten je nach Lieferung ab Werk in EURO bzw. geltender W\u00e4hrung. Zu den Preisen kommt die Mehrwertsteuer in der jeweiligen gesetzlichen H\u00f6he hinzu. Sofern nichts anderes vereinbart ist, gelten die nach unseren Listen am Tage der Lieferung g\u00fcltigen Preise. Das gilt auch f\u00fcr Teillieferungen.<\/p>\n\n\n\n<p><strong>3. Lieferung<\/strong><\/p>\n\n\n\n<p>3.1 Sofern nicht anders schriftlich vereinbart, erfolgen die Lieferungen bis zu einem Nettowarenwert von 1.000,- \u20ac ab Werk bzw. gegen Berechnung der Transportkosten, \u00fcber 1.000,- \u20ac Nettowarenwert wird frei Haus geliefert.<\/p>\n\n\n\n<p>3.2 Auslandslieferungen erfolgen frei Deutsche Grenze bzw. FOB Deutscher Seehafen. Sonderverpackungen f\u00fcr Land- oder Seetransporte gehen zu Lasten des K\u00e4ufers.<\/p>\n\n\n\n<p>3.3 Die Lieferung ist erfolgt mit \u00dcbergabe der Sendung an einen Spediteur\/Frachtf\u00fchrer, ebenso bei vereinbarter Bereitstellung zur Verf\u00fcgung des K\u00e4ufers. Zu diesem Zeitpunkt geht die Gefahr auf den K\u00e4ufer \u00fcber, unbeschadet einer etwaigen Versicherung des Transportrisikos durch den Verk\u00e4ufer. Wird der Versand ohne unser Verschulden verz\u00f6gert, so lagert die Ware auf Kosten und Gefahr des K\u00e4ufers. In diesem Falle steht unsere Anzeige der Versandbereitschaft dem Versand gleich.<\/p>\n\n\n\n<p>3.4 Wir behalten uns Mehr- oder Minderlieferungen bis zu 10% vor, insbesondere bei Sonderanfertigungen, bei denen die komplette, aus der Fabrikation kommende Partiemenge abgenommen werden muss.<br><\/p>\n\n\n\n<p><strong>4. Lieferfristen und Lieferst\u00f6rungen<\/strong><\/p>\n\n\n\n<p>4.1 Der Beginn der von uns angegebenen Lieferzeit setzt die Abkl\u00e4rung aller technischen Fragen voraus.<\/p>\n\n\n\n<p>4.2 Die Lieferfrist ist eingehalten, wenn der Liefergegenstand bis zu ihrem Ablauf das Werk verlassen hat oder die Versandbereitschaft mitgeteilt ist.<\/p>\n\n\n\n<p>4.3 Betriebs- oder Verkehrsst\u00f6rungen, Feuersch\u00e4den, \u00dcberschwemmungen, Arbeiter-, Energie- oder Rohstoffmangel, Streik, Aussperrungen, St\u00f6rungen beim Versand, beh\u00f6rdliche Verf\u00fcgung sowie sonstige unvorhergesehene Hindernisse, die au\u00dferhalb des Willens des Lieferers liegen, berechtigen uns, die Lieferfristen angemessen, mindestens auf die Dauer der St\u00f6rung zu verl\u00e4ngern, oder, falls die St\u00f6rung l\u00e4nger als sechs Wochen andauert,<br>vom unerledigten Teil des Auftrags zur\u00fcckzutreten. In diesen F\u00e4llen sind Schadenersatzanspr\u00fcche des K\u00e4ufers ausgeschlossen.<\/p>\n\n\n\n<p><strong>5. M\u00e4ngelr\u00fcge, Nacherf\u00fcllung, Dokumentation<\/strong><\/p>\n\n\n\n<p>Offensichtliche M\u00e4ngel sind unverz\u00fcglich nach Ablieferung der Ware bei uns geltend zu machen. Nach Ablauf von 7 Tagen nach Empfang der Ware gilt diese in jedem Falle als genehmigt. Handels\u00fcbliche oder geringe technisch unvermeidbare Abweichungen der Qualit\u00e4t, Farbe oder Ausr\u00fcstung k\u00f6nnen nicht beanstandet werden. M\u00e4ngelr\u00fcgen, die nach dieser Bestimmung versp\u00e4tet erhoben werden, k\u00f6nnen nicht ber\u00fccksichtigt werden. Die Pflichten gelten auch f\u00fcr Anspr\u00fcche aus R\u00fcckgriff nach \u00a7\u00a7 478, 479 BGB.<\/p>\n\n\n\n<p><strong>6. Eigentumsvorbehalt<\/strong><\/p>\n\n\n\n<p>6.1 Wir behalten uns das Eigentum an dem Liefergegenstand vor, bis s\u00e4mtliche unserer Forderungen gegen den K\u00e4ufer aus der Gesch\u00e4ftsverbindung beglichen sind. Der K\u00e4ufer ist berechtigt, die Ware zu verarbeiten und zu ver\u00e4u\u00dfern, unter Ber\u00fccksichtigung der folgenden Bestimmungen.<\/p>\n\n\n\n<p>6.2 Die Befugnis des K\u00e4ufers im ordnungsgem\u00e4\u00dfen Gesch\u00e4ftsverkehr, Vorbehaltsware zu ver\u00e4u\u00dfern, endet mit dessen Zahlungseinstellung, oder dann, wenn \u00fcber das Verm\u00f6gen des K\u00e4ufers die Er\u00f6ffnung des Insolvenzverfahrens beantragt wird. Die Forderungen des Abnehmers aus der Weiterver\u00e4u\u00dferung der Vorbehaltsware tritt der K\u00e4ufer schon jetzt an uns in H\u00f6he des mit uns vereinbarten Faktura-Endbetrages (einschlie\u00dflich Mehrwertsteuer) ab. Diese Abtretung gilt unabh\u00e4ngig davon, ob die Kaufsache ohne oder nach Verarbeitung weiterverkauft worden ist. Verpf\u00e4ndung oder Sicherungs\u00fcbereignung der Vorbehaltsware bzw. der abgetretenen Forderungen ist unzul\u00e4ssig.<\/p>\n\n\n\n<p>6.3 Wir werden die abgetretenen Forderungen, solange der K\u00e4ufer seinen Zahlungsverpflichtungen nachkommt, nicht einziehen. Der K\u00e4ufer ist aber verpflichtet, uns auf Verlangen die Drittschuldner anzugeben und diesen die Abtretung<br>anzuzeigen. Er ist berechtigt, die Forderungen solange selbst einzuziehen, wie wir ihm keine andere Anweisung geben. Der Eigentumsvorbehalt bleibt auch dann bestehen, wenn einzelne unserer Forderungen in eine laufende Rechnung<br>aufgenommen werden und der Saldo gezogen und anerkannt ist. Wir verpflichten uns, die uns zustehenden Sicherheiten auf Verlangen des K\u00e4ufers freizugeben, soweit ihr Wert die zu sichernden Forderungen um mehr als 20% \u00fcbersteigt.<\/p>\n\n\n\n<p>6.4 Von Pf\u00e4ndungen sind wir unter Angabe des Pf\u00e4ndungsgl\u00e4ubigers sofort zu benachrichtigen. Der K\u00e4ufer ist verpflichtet, uns jederzeit \u00fcber den Bestand von uns gelieferter Ware und \u00fcber die aus einer vorgenommenen Weiterver\u00e4u\u00dferung resultierenden Forderungen, Erl\u00f6se und Surrogate Auskunft zu erteilen und unseren bevollm\u00e4chtigten Vertreter Einsicht in seine Lagerr\u00e4ume und Gesch\u00e4ftsb\u00fccher zu gew\u00e4hren. Bei Stellung eines Insolvenzantrages oder bei Er\u00f6ffnung des Insolvenzverfahrens stellt uns der K\u00e4ufer sofort die im vorangegangenen Satz vorgesehenen \u00dcberpr\u00fcfungsm\u00f6glichkeiten zur Verf\u00fcgung. Seine Verpflichtung zur Auskunftserteilung gegen\u00fcber uns bleibt hierdurch grunds\u00e4tzlich unber\u00fchrt. Der K\u00e4ufer ist verpflichtet, sobald er die Zahlungen eingestellt hat, uns unverz\u00fcglich nach Bekanntgabe eine Aufstellung \u00fcber die noch vorhandene Eigentumsvorbehaltsware und eine Aufstellung der Forderungen an die Drittschuldner nebst Rechnungsabschriften zu \u00fcbersenden. Kommt der K\u00e4ufer seinen Pflichten nicht nach, sind wir berechtigt, Schadenersatz in H\u00f6he des Wertes der Sicherheiten zu verlangen und ohne Nachfristsetzung die Vorbehaltsware vom K\u00e4ufer herauszuverlangen bzw. die Abtretung der Herausgabeanspr\u00fcche des K\u00e4ufers gegen Dritte zu verlangen.<\/p>\n\n\n\n<p><strong>7. Allgemeine Haftungsregel<\/strong><\/p>\n\n\n\n<p>Unsere Haftung f\u00fcr Sch\u00e4den des K\u00e4ufers durch vors\u00e4tzliches oder grob fahrl\u00e4ssiges Verhalten, f\u00fcr Personensch\u00e4den und Sch\u00e4den nach dem Produkthaftungsgesetz ist nach Ma\u00dfgabe der gesetzlichen Bestimmungen unbeschr\u00e4nkt. Dies gilt auch f\u00fcr Sch\u00e4den, die durch unsere Erf\u00fcllungsgehilfen verursacht werden. Soweit wir nicht aufgrund einer \u00fcbernommenen Garantie haften, ist die Haftung f\u00fcr Schadenersatzanspr\u00fcche ansonsten wie folgt beschr\u00e4nkt: F\u00fcr leicht fahrl\u00e4ssig verursachte Sch\u00e4den haften wir nur, soweit diese auf der Verletzung vertragswesentlicher Pflichten (Kardinalpflichten) beruhen. Kardinalpflichten sind solche Vertragspflichten, deren Erf\u00fcllung die ordnungsgem\u00e4\u00dfe Durchf\u00fchrung des Vertrags \u00fcberhaupt erst erm\u00f6glichen und auf deren Einhaltung der Vertragspartner vertrauen durfte. Die Haftung f\u00fcr einfache Fahrl\u00e4ssigkeit nach dieser Regelung ist auf den typischerweise vorhersehbaren Schaden begrenzt. F\u00fcr leicht fahrl\u00e4ssig verursachte Verz\u00f6gerungssch\u00e4den ist unsere Haftung auf den typischerweise vorhersehbaren Schaden, maximal jedoch 5% des in dem betroffenen Vertrag vereinbarten Gesamtpreises beschr\u00e4nkt.<\/p>\n\n\n\n<p><strong>8. Zahlung<\/strong><\/p>\n\n\n\n<p>8.1 Eingehende Zahlungen werden zun\u00e4chst auf r\u00fcckst\u00e4ndige Verpflichtungen verrechnet. Als Zahlungseingang gilt der Tag der Barzahlung oder der Gutschrift auf unseren Bank- bzw. Postbankkonten. Die Annahme von Schecks erfolgt nur erf\u00fcllungshalber.<\/p>\n\n\n\n<p>8.2 Alle Zahlungen haben spesenfrei und bei Fremdw\u00e4hrungsforderungen zum amtlichen Wechselkurs am F\u00e4lligkeitstag zu erfolgen. Wechselkosten und Diskontspesen nach den S\u00e4tzen der Privatbanken gehen zu Lasten des K\u00e4ufers. Zahlungen gelten erst als an dem Tag geleistet, an welchem wir \u00fcber den Rechnungsbetrag verlustfrei in bar verf\u00fcgen k\u00f6nnen.<\/p>\n\n\n\n<p>8.3 Aufrechnung und die Aus\u00fcbung eines Zur\u00fcckbehaltungsrechts bzw. der Einrede des nichterf\u00fcllten Vertrags, gleich aus welchem Rechtsgrund, sind ausgeschlossen, es sei denn, dass die Gegenanspr\u00fcche rechtskr\u00e4ftig festgestellt sind oder von uns nicht bestritten werden. Bei M\u00e4ngelr\u00fcgen darf der K\u00e4ufer Zahlungen nur in einem Umfang zur\u00fcckhalten,<br>der in einem angemessenen Verh\u00e4ltnis zu den aufgetretenen M\u00e4ngeln steht.<\/p>\n\n\n\n<p><strong>9. Erf\u00fcllungsort und Gerichtsstand<\/strong><\/p>\n\n\n\n<p>9.1 Erf\u00fcllungsort f\u00fcr unsere Leistung ist der Sitz unserer Gesellschaft. Erf\u00fcllungsort f\u00fcr die Zahlungen ist der Sitz der Gesellschaft.<\/p>\n\n\n\n<p>9.2 Gerichtsstand f\u00fcr alle Anspr\u00fcche aus Vertr\u00e4gen mit Vollkaufleuten, juristischen Personen des \u00f6ffentlichen Rechts, \u00f6ffentlich-rechtlichen Sonderverm\u00f6gen und Personen, die keinen allgemeinen Gerichtsstand haben, ist Augsburg. Dies gilt auch f\u00fcr Anspr\u00fcche aus Schecks. Der Gerichtsstand Augsburg ist auch dann ma\u00dfgebend, wenn der K\u00e4ufer unbekannten Aufenthalts ist oder seinen Wohnsitz oder gew\u00f6hnlichen Aufenthaltsort ins Ausland verlegt hat. Gegebenenfalls sind wir berechtigt, am ausl\u00e4ndischen Gerichtsstand des K\u00e4ufers zu klagen.<\/p>\n\n\n\n<p>9.3 \u00dcber alle Streitfragen ist nach dem Recht der Bundesrepublik Deutschland unter Ausschluss des UN-Kaufrechts zu entscheiden.<\/p>\n\n\n\n<p><strong>10. Allgemeines<\/strong><\/p>\n\n\n\n<p>10.1 Wir sind berechtigt, die aus dem Vertragsverh\u00e4ltnis anfallenden personenbezogenen Daten des Gesch\u00e4ftspartners \u2013 soweit gesetzlich vorgeschrieben oder zur Pflege unserer Gesch\u00e4ftsbeziehung erforderlich \u2013 zu verarbeiten und<br>zu nutzen, wobei f\u00fcr personenbezogene Daten das Bundesdatenschutzgesetz entsprechend beachtet wird. Der K\u00e4ufer verzichtet auf eine gesonderte Benachrichtigung bei erstmaliger Speicherung von Daten zu seiner Person.<\/p>\n\n\n\n<p>10.2 Sollte eine Bestimmung unserer Allgemeinen Verkaufs-, Lieferungs- und Zahlungsbedingungen unwirksam sein, bleibt die Rechtswirksamkeit der \u00fcbrigen Bestimmungen unber\u00fchrt.<\/p>\n","protected":false},"excerpt":{"rendered":"<p>AGBs Die nachstehenden Allgemeinen Verkaufs-, Lieferungs- und Zahlungsbedingungen gelten f\u00fcr alle von uns abgegebenen Gebote und mit uns abgeschlossenen Vertr\u00e4ge, auch f\u00fcr zuk\u00fcnftige, ausschlie\u00dflich. Der <\/p>\n","protected":false},"author":1,"featured_media":0,"parent":0,"menu_order":0,"comment_status":"closed","ping_status":"closed","template":"","meta":{"_acf_changed":false,"footnotes":""},"class_list":["post-1056","page","type-page","status-publish","hentry"],"translation":{"provider":"WPGlobus","version":"3.0.2","language":"es","enabled_languages":["de","en","fr","es"],"languages":{"de":{"title":true,"content":true,"excerpt":false},"en":{"title":true,"content":true,"excerpt":false},"fr":{"title":true,"content":true,"excerpt":false},"es":{"title":false,"content":false,"excerpt":false}}},"acf":[],"yoast_head":"<!-- This site is optimized with the Yoast SEO plugin v27.3 - https:\/\/yoast.com\/product\/yoast-seo-wordpress\/ -->\n<title>- Zettl GmbH<\/title>\n<meta name=\"robots\" content=\"index, follow, max-snippet:-1, max-image-preview:large, max-video-preview:-1\" \/>\n<link rel=\"canonical\" href=\"https:\/\/zettl.de\/agbs\/\" \/>\n<meta property=\"og:locale\" content=\"es_ES\" \/>\n<meta property=\"og:type\" content=\"article\" \/>\n<meta property=\"og:title\" content=\"- Zettl GmbH\" \/>\n<meta property=\"og:url\" content=\"https:\/\/zettl.de\/agbs\/\" \/>\n<meta property=\"og:site_name\" content=\"Zettl GmbH\" \/>\n<meta property=\"article:modified_time\" content=\"2022-05-23T07:51:40+00:00\" \/>\n<meta name=\"twitter:card\" content=\"summary_large_image\" \/>\n<meta name=\"twitter:label1\" content=\"Est. reading time\" \/>\n\t<meta name=\"twitter:data1\" content=\"10 minutes\" \/>\n<script type=\"application\/ld+json\" class=\"yoast-schema-graph\">{\"@context\":\"https:\\\/\\\/schema.org\",\"@graph\":[{\"@type\":\"WebPage\",\"@id\":\"https:\\\/\\\/zettl.de\\\/agbs\\\/\",\"url\":\"https:\\\/\\\/zettl.de\\\/agbs\\\/\",\"name\":\"- Zettl GmbH\",\"isPartOf\":{\"@id\":\"https:\\\/\\\/zettl.de\\\/#website\"},\"datePublished\":\"2022-04-27T11:00:44+00:00\",\"dateModified\":\"2022-05-23T07:51:40+00:00\",\"breadcrumb\":{\"@id\":\"https:\\\/\\\/zettl.de\\\/agbs\\\/#breadcrumb\"},\"inLanguage\":\"es-ES\",\"potentialAction\":[{\"@type\":\"ReadAction\",\"target\":[\"https:\\\/\\\/zettl.de\\\/agbs\\\/\"]}]},{\"@type\":\"BreadcrumbList\",\"@id\":\"https:\\\/\\\/zettl.de\\\/agbs\\\/#breadcrumb\",\"itemListElement\":[{\"@type\":\"ListItem\",\"position\":1,\"name\":\"Startseite\",\"item\":\"https:\\\/\\\/zettl.de\\\/\"},{\"@type\":\"ListItem\",\"position\":2,\"name\":\"AGBs\"}]},{\"@type\":\"WebSite\",\"@id\":\"https:\\\/\\\/zettl.de\\\/#website\",\"url\":\"https:\\\/\\\/zettl.de\\\/\",\"name\":\"Zettl GmbH\",\"description\":\"Alles rund ums N\u00e4hen und Handarbeit ...\",\"publisher\":{\"@id\":\"https:\\\/\\\/zettl.de\\\/#organization\"},\"potentialAction\":[{\"@type\":\"SearchAction\",\"target\":{\"@type\":\"EntryPoint\",\"urlTemplate\":\"https:\\\/\\\/zettl.de\\\/?s={search_term_string}\"},\"query-input\":{\"@type\":\"PropertyValueSpecification\",\"valueRequired\":true,\"valueName\":\"search_term_string\"}}],\"inLanguage\":\"es-ES\"},{\"@type\":\"Organization\",\"@id\":\"https:\\\/\\\/zettl.de\\\/#organization\",\"name\":\"Zettl GmbH\",\"url\":\"https:\\\/\\\/zettl.de\\\/\",\"logo\":{\"@type\":\"ImageObject\",\"inLanguage\":\"es-ES\",\"@id\":\"https:\\\/\\\/zettl.de\\\/#\\\/schema\\\/logo\\\/image\\\/\",\"url\":\"https:\\\/\\\/zettl.de\\\/wp-content\\\/uploads\\\/2021\\\/09\\\/Zettl-Logo-4C.png\",\"contentUrl\":\"https:\\\/\\\/zettl.de\\\/wp-content\\\/uploads\\\/2021\\\/09\\\/Zettl-Logo-4C.png\",\"width\":360,\"height\":157,\"caption\":\"Zettl GmbH\"},\"image\":{\"@id\":\"https:\\\/\\\/zettl.de\\\/#\\\/schema\\\/logo\\\/image\\\/\"}}]}<\/script>\n<!-- \/ Yoast SEO plugin. -->","yoast_head_json":{"title":"- Zettl GmbH","robots":{"index":"index","follow":"follow","max-snippet":"max-snippet:-1","max-image-preview":"max-image-preview:large","max-video-preview":"max-video-preview:-1"},"canonical":"https:\/\/zettl.de\/agbs\/","og_locale":"es_ES","og_type":"article","og_title":"- Zettl GmbH","og_url":"https:\/\/zettl.de\/agbs\/","og_site_name":"Zettl GmbH","article_modified_time":"2022-05-23T07:51:40+00:00","twitter_card":"summary_large_image","twitter_misc":{"Est. reading time":"10 minutes"},"schema":{"@context":"https:\/\/schema.org","@graph":[{"@type":"WebPage","@id":"https:\/\/zettl.de\/agbs\/","url":"https:\/\/zettl.de\/agbs\/","name":"- Zettl GmbH","isPartOf":{"@id":"https:\/\/zettl.de\/#website"},"datePublished":"2022-04-27T11:00:44+00:00","dateModified":"2022-05-23T07:51:40+00:00","breadcrumb":{"@id":"https:\/\/zettl.de\/agbs\/#breadcrumb"},"inLanguage":"es-ES","potentialAction":[{"@type":"ReadAction","target":["https:\/\/zettl.de\/agbs\/"]}]},{"@type":"BreadcrumbList","@id":"https:\/\/zettl.de\/agbs\/#breadcrumb","itemListElement":[{"@type":"ListItem","position":1,"name":"Startseite","item":"https:\/\/zettl.de\/"},{"@type":"ListItem","position":2,"name":"AGBs"}]},{"@type":"WebSite","@id":"https:\/\/zettl.de\/#website","url":"https:\/\/zettl.de\/","name":"Zettl GmbH","description":"Alles rund ums N\u00e4hen und Handarbeit ...","publisher":{"@id":"https:\/\/zettl.de\/#organization"},"potentialAction":[{"@type":"SearchAction","target":{"@type":"EntryPoint","urlTemplate":"https:\/\/zettl.de\/?s={search_term_string}"},"query-input":{"@type":"PropertyValueSpecification","valueRequired":true,"valueName":"search_term_string"}}],"inLanguage":"es-ES"},{"@type":"Organization","@id":"https:\/\/zettl.de\/#organization","name":"Zettl GmbH","url":"https:\/\/zettl.de\/","logo":{"@type":"ImageObject","inLanguage":"es-ES","@id":"https:\/\/zettl.de\/#\/schema\/logo\/image\/","url":"https:\/\/zettl.de\/wp-content\/uploads\/2021\/09\/Zettl-Logo-4C.png","contentUrl":"https:\/\/zettl.de\/wp-content\/uploads\/2021\/09\/Zettl-Logo-4C.png","width":360,"height":157,"caption":"Zettl GmbH"},"image":{"@id":"https:\/\/zettl.de\/#\/schema\/logo\/image\/"}}]}},"_links":{"self":[{"href":"https:\/\/zettl.de\/es\/wp-json\/wp\/v2\/pages\/1056","targetHints":{"allow":["GET"]}}],"collection":[{"href":"https:\/\/zettl.de\/es\/wp-json\/wp\/v2\/pages"}],"about":[{"href":"https:\/\/zettl.de\/es\/wp-json\/wp\/v2\/types\/page"}],"author":[{"embeddable":true,"href":"https:\/\/zettl.de\/es\/wp-json\/wp\/v2\/users\/1"}],"replies":[{"embeddable":true,"href":"https:\/\/zettl.de\/es\/wp-json\/wp\/v2\/comments?post=1056"}],"version-history":[{"count":0,"href":"https:\/\/zettl.de\/es\/wp-json\/wp\/v2\/pages\/1056\/revisions"}],"wp:attachment":[{"href":"https:\/\/zettl.de\/es\/wp-json\/wp\/v2\/media?parent=1056"}],"curies":[{"name":"wp","href":"https:\/\/api.w.org\/{rel}","templated":true}]}}