{"id":73,"date":"2021-08-05T13:13:27","date_gmt":"2021-08-05T11:13:27","guid":{"rendered":"https:\/\/website.zettl.de\/?page_id=73"},"modified":"2025-09-10T14:59:47","modified_gmt":"2025-09-10T12:59:47","slug":"kontakt","status":"publish","type":"page","link":"https:\/\/zettl.de\/en\/kontakt\/","title":{"rendered":"Contact"},"content":{"rendered":"\n<div class=\"wp-block-columns text-block is-layout-flex wp-container-core-columns-is-layout-9d6595d7 wp-block-columns-is-layout-flex\">\n<div class=\"wp-block-column is-layout-flow wp-block-column-is-layout-flow\" style=\"flex-basis:33.33%\">\n<h1 class=\"wp-block-heading\">How to find <br><span class=\"highlight-green\">your way<\/span> to us<\/h1>\n<\/div>\n\n\n\n<div class=\"wp-block-column is-layout-flow wp-block-column-is-layout-flow\" style=\"flex-basis:66.66%\">\n<p>Our company is located between Ulm and Munich, directly at the A8 exit Adelsried. Coming from Stuttgart\/Munich (A8), take the Adelsried exit. Follow the main road (Augsburger Stra\u00dfe) into the town. Turn right into H\u00f6llweg before the ARAL petrol station. Drive straight on until you reach the 4th street and then turn left into Flurstra\u00dfe. After approx. 100 m on the left, you will find us at number 3. Parking is available directly in front of the administration building or 50 m further on the left in our company car park.<\/p>\n\n\n\n<figure class=\"wp-block-image size-large lager-banner\"><img loading=\"lazy\" decoding=\"async\" width=\"1024\" height=\"273\" src=\"https:\/\/zettl.de\/wp-content\/uploads\/2022\/04\/warehousesale-1024x273.jpg\" alt=\"\" class=\"wp-image-938\" srcset=\"https:\/\/zettl.de\/wp-content\/uploads\/2022\/04\/warehousesale-1024x273.jpg 1024w, https:\/\/zettl.de\/wp-content\/uploads\/2022\/04\/warehousesale-300x80.jpg 300w, https:\/\/zettl.de\/wp-content\/uploads\/2022\/04\/warehousesale-768x205.jpg 768w, https:\/\/zettl.de\/wp-content\/uploads\/2022\/04\/warehousesale-1536x409.jpg 1536w, https:\/\/zettl.de\/wp-content\/uploads\/2022\/04\/warehousesale.jpg 1772w\" sizes=\"auto, (max-width: 1024px) 100vw, 1024px\" \/><\/figure>\n\n\n\n<p>You are also welcome to visit us on site in our warehouse sale! Here you will find a gigantic selection of knitting and crochet yarns, sewing threads and needlework accessories as well as unique special offers and reduced branded articles!<\/p>\n\n\n\n<p><strong>We look forward to welcoming you!<\/strong><\/p>\n\n\n\n<div class=\"wpcf7 no-js\" id=\"wpcf7-f894-o1\" lang=\"de-DE\" dir=\"ltr\" data-wpcf7-id=\"894\">\n<div class=\"screen-reader-response\"><p role=\"status\" aria-live=\"polite\" aria-atomic=\"true\"><\/p> <ul><\/ul><\/div>\n<form action=\"\/en\/wp-json\/wp\/v2\/pages\/73#wpcf7-f894-o1\" method=\"post\" class=\"wpcf7-form init\" aria-label=\"Kontaktformular\" novalidate=\"novalidate\" data-status=\"init\">\n<fieldset class=\"hidden-fields-container\"><input type=\"hidden\" name=\"_wpcf7\" value=\"894\" \/><input type=\"hidden\" name=\"_wpcf7_version\" value=\"6.1.5\" \/><input type=\"hidden\" name=\"_wpcf7_locale\" value=\"de_DE\" \/><input type=\"hidden\" name=\"_wpcf7_unit_tag\" value=\"wpcf7-f894-o1\" \/><input type=\"hidden\" name=\"_wpcf7_container_post\" value=\"0\" \/><input type=\"hidden\" name=\"_wpcf7_posted_data_hash\" value=\"\" \/><input type=\"hidden\" name=\"_wpcf7_recaptcha_response\" value=\"\" \/>\n<\/fieldset>\n<div class=\"zettl-contact\">\n\t<div class=\"contact-wrapper\">\n\t\t<div class=\"info-grid\">\n\t\t\t<div class=\"contact-details\">\n\t\t\t\t<div class=\"half-column\">\n\t\t\t\t\t<p><span class=\"wpcf7-form-control-wrap\" data-name=\"full-name\"><input size=\"40\" maxlength=\"400\" class=\"wpcf7-form-control wpcf7-text wpcf7-validates-as-required\" aria-required=\"true\" aria-invalid=\"false\" placeholder=\"Name*\" value=\"\" type=\"text\" name=\"full-name\" \/><\/span>\n\t\t\t\t\t<\/p>\n\t\t\t\t<\/div>\n\t\t\t\t<div class=\"half-column\">\n\t\t\t\t\t<p><span class=\"wpcf7-form-control-wrap\" data-name=\"e-mail\"><input size=\"40\" maxlength=\"400\" class=\"wpcf7-form-control wpcf7-email wpcf7-validates-as-required wpcf7-text wpcf7-validates-as-email\" aria-required=\"true\" aria-invalid=\"false\" placeholder=\"Email*\" value=\"\" type=\"email\" name=\"e-mail\" \/><\/span>\n\t\t\t\t\t<\/p>\n\t\t\t\t<\/div>\n\t\t\t\t<div class=\"half-column\">\n\t\t\t\t\t<p><span class=\"wpcf7-form-control-wrap\" data-name=\"tel-number\"><input size=\"40\" maxlength=\"400\" class=\"wpcf7-form-control wpcf7-text\" aria-invalid=\"false\" placeholder=\"Phone\" value=\"\" type=\"text\" name=\"tel-number\" \/><\/span>\n\t\t\t\t\t<\/p>\n\t\t\t\t<\/div>\n\t\t\t<\/div>\n\t\t\t<div class=\"full-column\">\n\t\t\t\t<p><span class=\"wpcf7-form-control-wrap\" data-name=\"message\"><textarea cols=\"40\" rows=\"10\" maxlength=\"2000\" class=\"wpcf7-form-control wpcf7-textarea\" aria-invalid=\"false\" placeholder=\"Message\" name=\"message\"><\/textarea><\/span>\n\t\t\t\t<\/p>\n\t\t\t<\/div>\n\t\t\t<div>\n\t\t\t\t<p><span id=\"wpcf7-69e773e9491ec-wrapper\" class=\"wpcf7-form-control-wrap field-326-wrap\" style=\"display:none !important; visibility:hidden !important;\"><input type=\"hidden\" name=\"field-326-time-start\" value=\"1776776169\"><input type=\"hidden\" name=\"field-326-time-check\" value=\"4\"><label for=\"wpcf7-69e773e9491ec-field\" class=\"hp-message\">Bitte lasse dieses Feld leer.<\/label><input id=\"wpcf7-69e773e9491ec-field\"  placeholder=\"Honeypot\"  class=\"wpcf7-form-control wpcf7-text\" type=\"text\" name=\"field-326\" value=\"\" size=\"40\" tabindex=\"-1\" autocomplete=\"new-password\" \/><\/span>\n\t\t\t\t<\/p>\n\t\t\t<\/div>\n\t\t\t<div class=\"data-policy\">\n\t\t\t\t<p><span class=\"wpcf7-form-control-wrap\" data-name=\"datenschutz\"><span class=\"wpcf7-form-control wpcf7-acceptance\"><span class=\"wpcf7-list-item\"><label><input type=\"checkbox\" name=\"datenschutz\" value=\"1\" aria-invalid=\"false\" \/><span class=\"wpcf7-list-item-label\">I consent to my details being stored permanently for the purpose of contacting me and allocating them for possible queries. Our privacy policy Note: You can revoke this consent at any time with effect for the future by sending an email to info@zettl.de.<\/span><\/label><\/span><\/span><\/span>\n\t\t\t\t<\/p>\n\t\t\t<\/div>\n\t\t\t<div class=\"contact-button\">\n\t\t\t\t<p><input class=\"wpcf7-form-control wpcf7-submit has-spinner\" type=\"submit\" value=\"Submit\" \/>\n\t\t\t\t<\/p>\n\t\t\t<\/div>\n\t\t<\/div>\n\t<\/div>\n<\/div><div class=\"wpcf7-response-output\" aria-hidden=\"true\"><\/div>\n<\/form>\n<\/div>\n\n<\/div>\n<\/div>\n","protected":false},"excerpt":{"rendered":"<p>How to find your way to us Our company is located between Ulm and Munich, directly at the A8 exit Adelsried. Coming from Stuttgart\/Munich (A8), <\/p>\n","protected":false},"author":1,"featured_media":0,"parent":0,"menu_order":0,"comment_status":"closed","ping_status":"closed","template":"templates\/template-contact.php","meta":{"_acf_changed":false,"footnotes":""},"class_list":["post-73","page","type-page","status-publish","hentry"],"translation":{"provider":"WPGlobus","version":"3.0.2","language":"en","enabled_languages":["de","en","fr","es"],"languages":{"de":{"title":true,"content":true,"excerpt":false},"en":{"title":true,"content":true,"excerpt":false},"fr":{"title":true,"content":true,"excerpt":false},"es":{"title":true,"content":true,"excerpt":false}}},"acf":[],"yoast_head":"<!-- This site is optimized with the Yoast SEO plugin v27.4 - https:\/\/yoast.com\/product\/yoast-seo-wordpress\/ -->\n<title>Contact - Zettl GmbH<\/title>\n<meta name=\"robots\" content=\"index, follow, max-snippet:-1, max-image-preview:large, max-video-preview:-1\" \/>\n<link rel=\"canonical\" href=\"https:\/\/zettl.de\/kontakt\/\" \/>\n<meta property=\"og:locale\" content=\"en_US\" \/>\n<meta property=\"og:type\" content=\"article\" \/>\n<meta property=\"og:title\" content=\"Zettl GmbH\" \/>\n<meta property=\"og:description\" content=\"Schreiben Sie uns\" \/>\n<meta property=\"og:url\" content=\"https:\/\/zettl.de\/kontakt\/\" \/>\n<meta property=\"og:site_name\" content=\"Zettl GmbH\" \/>\n<meta property=\"article:modified_time\" content=\"2025-09-10T12:59:47+00:00\" \/>\n<meta property=\"og:image\" content=\"https:\/\/website.zettl.de\/wp-content\/uploads\/2021\/09\/cropped-favicon.png\" \/>\n\t<meta property=\"og:image:width\" content=\"512\" \/>\n\t<meta property=\"og:image:height\" content=\"512\" \/>\n\t<meta property=\"og:image:type\" content=\"image\/png\" \/>\n<meta name=\"twitter:card\" content=\"summary_large_image\" \/>\n<meta name=\"twitter:title\" content=\"Zettl GmbH\" \/>\n<meta name=\"twitter:description\" content=\"Schreiben Sie uns\" \/>\n<meta name=\"twitter:image\" content=\"https:\/\/website.zettl.de\/wp-content\/uploads\/2021\/09\/cropped-favicon.png\" \/>\n<meta name=\"twitter:label1\" content=\"Est. reading time\" \/>\n\t<meta name=\"twitter:data1\" content=\"1 minute\" \/>\n<script type=\"application\/ld+json\" class=\"yoast-schema-graph\">{\"@context\":\"https:\\\/\\\/schema.org\",\"@graph\":[{\"@type\":\"WebPage\",\"@id\":\"https:\\\/\\\/zettl.de\\\/kontakt\\\/\",\"url\":\"https:\\\/\\\/zettl.de\\\/kontakt\\\/\",\"name\":\"Contact - Zettl GmbH\",\"isPartOf\":{\"@id\":\"https:\\\/\\\/zettl.de\\\/#website\"},\"primaryImageOfPage\":{\"@id\":\"https:\\\/\\\/zettl.de\\\/kontakt\\\/#primaryimage\"},\"image\":{\"@id\":\"https:\\\/\\\/zettl.de\\\/kontakt\\\/#primaryimage\"},\"thumbnailUrl\":\"https:\\\/\\\/zettl.de\\\/wp-content\\\/uploads\\\/2022\\\/04\\\/warehousesale-1024x273.jpg\",\"datePublished\":\"2021-08-05T11:13:27+00:00\",\"dateModified\":\"2025-09-10T12:59:47+00:00\",\"description\":\"Sie haben Fragen, Anregungen oder W\u00fcnsche? Dann melden Sie sich gerne bei uns.\",\"breadcrumb\":{\"@id\":\"https:\\\/\\\/zettl.de\\\/kontakt\\\/#breadcrumb\"},\"inLanguage\":\"en-US\",\"potentialAction\":[{\"@type\":\"ReadAction\",\"target\":[\"https:\\\/\\\/zettl.de\\\/kontakt\\\/\"]}]},{\"@type\":\"ImageObject\",\"inLanguage\":\"en-US\",\"@id\":\"https:\\\/\\\/zettl.de\\\/kontakt\\\/#primaryimage\",\"url\":\"https:\\\/\\\/zettl.de\\\/wp-content\\\/uploads\\\/2022\\\/04\\\/warehousesale-1024x273.jpg\",\"contentUrl\":\"https:\\\/\\\/zettl.de\\\/wp-content\\\/uploads\\\/2022\\\/04\\\/warehousesale-1024x273.jpg\"},{\"@type\":\"BreadcrumbList\",\"@id\":\"https:\\\/\\\/zettl.de\\\/kontakt\\\/#breadcrumb\",\"itemListElement\":[{\"@type\":\"ListItem\",\"position\":1,\"name\":\"Startseite\",\"item\":\"https:\\\/\\\/zettl.de\\\/\"},{\"@type\":\"ListItem\",\"position\":2,\"name\":\"Kontakt\"}]},{\"@type\":\"WebSite\",\"@id\":\"https:\\\/\\\/zettl.de\\\/#website\",\"url\":\"https:\\\/\\\/zettl.de\\\/\",\"name\":\"Zettl GmbH\",\"description\":\"Alles rund ums N\u00e4hen und Handarbeit ...\",\"publisher\":{\"@id\":\"https:\\\/\\\/zettl.de\\\/#organization\"},\"potentialAction\":[{\"@type\":\"SearchAction\",\"target\":{\"@type\":\"EntryPoint\",\"urlTemplate\":\"https:\\\/\\\/zettl.de\\\/?s={search_term_string}\"},\"query-input\":{\"@type\":\"PropertyValueSpecification\",\"valueRequired\":true,\"valueName\":\"search_term_string\"}}],\"inLanguage\":\"en-US\"},{\"@type\":\"Organization\",\"@id\":\"https:\\\/\\\/zettl.de\\\/#organization\",\"name\":\"Zettl GmbH\",\"url\":\"https:\\\/\\\/zettl.de\\\/\",\"logo\":{\"@type\":\"ImageObject\",\"inLanguage\":\"en-US\",\"@id\":\"https:\\\/\\\/zettl.de\\\/#\\\/schema\\\/logo\\\/image\\\/\",\"url\":\"https:\\\/\\\/zettl.de\\\/wp-content\\\/uploads\\\/2021\\\/09\\\/Zettl-Logo-4C.png\",\"contentUrl\":\"https:\\\/\\\/zettl.de\\\/wp-content\\\/uploads\\\/2021\\\/09\\\/Zettl-Logo-4C.png\",\"width\":360,\"height\":157,\"caption\":\"Zettl GmbH\"},\"image\":{\"@id\":\"https:\\\/\\\/zettl.de\\\/#\\\/schema\\\/logo\\\/image\\\/\"}}]}<\/script>\n<!-- \/ Yoast SEO plugin. -->","yoast_head_json":{"title":"Contact - Zettl GmbH","robots":{"index":"index","follow":"follow","max-snippet":"max-snippet:-1","max-image-preview":"max-image-preview:large","max-video-preview":"max-video-preview:-1"},"canonical":"https:\/\/zettl.de\/kontakt\/","og_locale":"en_US","og_type":"article","og_title":"Zettl GmbH","og_description":"Schreiben Sie uns","og_url":"https:\/\/zettl.de\/kontakt\/","og_site_name":"Zettl GmbH","article_modified_time":"2025-09-10T12:59:47+00:00","og_image":[{"width":512,"height":512,"url":"https:\/\/website.zettl.de\/wp-content\/uploads\/2021\/09\/cropped-favicon.png","type":"image\/png"}],"twitter_card":"summary_large_image","twitter_title":"Zettl GmbH","twitter_description":"Schreiben Sie uns","twitter_image":"https:\/\/website.zettl.de\/wp-content\/uploads\/2021\/09\/cropped-favicon.png","twitter_misc":{"Est. reading time":"1 minute"},"schema":{"@context":"https:\/\/schema.org","@graph":[{"@type":"WebPage","@id":"https:\/\/zettl.de\/kontakt\/","url":"https:\/\/zettl.de\/kontakt\/","name":"Contact - Zettl GmbH","isPartOf":{"@id":"https:\/\/zettl.de\/#website"},"primaryImageOfPage":{"@id":"https:\/\/zettl.de\/kontakt\/#primaryimage"},"image":{"@id":"https:\/\/zettl.de\/kontakt\/#primaryimage"},"thumbnailUrl":"https:\/\/zettl.de\/wp-content\/uploads\/2022\/04\/warehousesale-1024x273.jpg","datePublished":"2021-08-05T11:13:27+00:00","dateModified":"2025-09-10T12:59:47+00:00","description":"Sie haben Fragen, Anregungen oder W\u00fcnsche? Dann melden Sie sich gerne bei uns.","breadcrumb":{"@id":"https:\/\/zettl.de\/kontakt\/#breadcrumb"},"inLanguage":"en-US","potentialAction":[{"@type":"ReadAction","target":["https:\/\/zettl.de\/kontakt\/"]}]},{"@type":"ImageObject","inLanguage":"en-US","@id":"https:\/\/zettl.de\/kontakt\/#primaryimage","url":"https:\/\/zettl.de\/wp-content\/uploads\/2022\/04\/warehousesale-1024x273.jpg","contentUrl":"https:\/\/zettl.de\/wp-content\/uploads\/2022\/04\/warehousesale-1024x273.jpg"},{"@type":"BreadcrumbList","@id":"https:\/\/zettl.de\/kontakt\/#breadcrumb","itemListElement":[{"@type":"ListItem","position":1,"name":"Startseite","item":"https:\/\/zettl.de\/"},{"@type":"ListItem","position":2,"name":"Kontakt"}]},{"@type":"WebSite","@id":"https:\/\/zettl.de\/#website","url":"https:\/\/zettl.de\/","name":"Zettl GmbH","description":"Alles rund ums N\u00e4hen und Handarbeit ...","publisher":{"@id":"https:\/\/zettl.de\/#organization"},"potentialAction":[{"@type":"SearchAction","target":{"@type":"EntryPoint","urlTemplate":"https:\/\/zettl.de\/?s={search_term_string}"},"query-input":{"@type":"PropertyValueSpecification","valueRequired":true,"valueName":"search_term_string"}}],"inLanguage":"en-US"},{"@type":"Organization","@id":"https:\/\/zettl.de\/#organization","name":"Zettl GmbH","url":"https:\/\/zettl.de\/","logo":{"@type":"ImageObject","inLanguage":"en-US","@id":"https:\/\/zettl.de\/#\/schema\/logo\/image\/","url":"https:\/\/zettl.de\/wp-content\/uploads\/2021\/09\/Zettl-Logo-4C.png","contentUrl":"https:\/\/zettl.de\/wp-content\/uploads\/2021\/09\/Zettl-Logo-4C.png","width":360,"height":157,"caption":"Zettl GmbH"},"image":{"@id":"https:\/\/zettl.de\/#\/schema\/logo\/image\/"}}]}},"_links":{"self":[{"href":"https:\/\/zettl.de\/en\/wp-json\/wp\/v2\/pages\/73","targetHints":{"allow":["GET"]}}],"collection":[{"href":"https:\/\/zettl.de\/en\/wp-json\/wp\/v2\/pages"}],"about":[{"href":"https:\/\/zettl.de\/en\/wp-json\/wp\/v2\/types\/page"}],"author":[{"embeddable":true,"href":"https:\/\/zettl.de\/en\/wp-json\/wp\/v2\/users\/1"}],"replies":[{"embeddable":true,"href":"https:\/\/zettl.de\/en\/wp-json\/wp\/v2\/comments?post=73"}],"version-history":[{"count":24,"href":"https:\/\/zettl.de\/en\/wp-json\/wp\/v2\/pages\/73\/revisions"}],"predecessor-version":[{"id":1295,"href":"https:\/\/zettl.de\/en\/wp-json\/wp\/v2\/pages\/73\/revisions\/1295"}],"wp:attachment":[{"href":"https:\/\/zettl.de\/en\/wp-json\/wp\/v2\/media?parent=73"}],"curies":[{"name":"wp","href":"https:\/\/api.w.org\/{rel}","templated":true}]}}